{"id":334,"date":"2020-06-25T09:30:52","date_gmt":"2020-06-25T09:30:52","guid":{"rendered":"https:\/\/bridge376.qodeinteractive.com\/?page_id=334"},"modified":"2023-09-21T07:36:21","modified_gmt":"2023-09-21T07:36:21","slug":"about","status":"publish","type":"page","link":"https:\/\/majestic.tours\/de\/about\/","title":{"rendered":"\u00dcber unsere Agentur"},"content":{"rendered":"<div data-elementor-type=\"wp-page\" data-elementor-id=\"334\" class=\"elementor elementor-334\">\n\t\t\t\t\t\t<section class=\"elementor-section elementor-top-section elementor-element elementor-element-49bf2fa4 elementor-section-full_width elementor-section-height-default elementor-section-height-default parallax_section_no qode_elementor_container_no\" data-id=\"49bf2fa4\" data-element_type=\"section\" data-e-type=\"section\" data-settings=\"{&quot;background_background&quot;:&quot;classic&quot;}\">\n\t\t\t\t\t\t<div class=\"elementor-container elementor-column-gap-no\">\n\t\t\t\t\t<div class=\"elementor-column elementor-col-100 elementor-top-column elementor-element elementor-element-38ba83f4\" data-id=\"38ba83f4\" data-element_type=\"column\" data-e-type=\"column\">\n\t\t\t<div class=\"elementor-widget-wrap elementor-element-populated\">\n\t\t\t\t\t\t<section class=\"elementor-section elementor-inner-section elementor-element elementor-element-771d6b3e elementor-section-full_width elementor-section-height-default elementor-section-height-default parallax_section_no qode_elementor_container_no\" data-id=\"771d6b3e\" data-element_type=\"section\" data-e-type=\"section\">\n\t\t\t\t\t\t<div class=\"elementor-container elementor-column-gap-default\">\n\t\t\t\t\t<div class=\"elementor-column elementor-col-100 elementor-inner-column elementor-element elementor-element-5c00ccfc\" data-id=\"5c00ccfc\" data-element_type=\"column\" data-e-type=\"column\">\n\t\t\t<div class=\"elementor-widget-wrap elementor-element-populated\">\n\t\t\t\t\t\t<div class=\"elementor-element elementor-element-77041242 elementor-widget elementor-widget-image\" data-id=\"77041242\" data-element_type=\"widget\" data-e-type=\"widget\" data-widget_type=\"image.default\">\n\t\t\t\t<div class=\"elementor-widget-container\">\n\t\t\t\t\t\t\t\t\t\t\t\t\t\t\t<img decoding=\"async\" loading=\"lazy\" width=\"725\" height=\"187\" src=\"https:\/\/majestic.tours\/wp-content\/uploads\/2020\/06\/background-text-7.png\" class=\"attachment-full size-full wp-image-385\" alt=\"\" srcset=\"https:\/\/majestic.tours\/wp-content\/uploads\/2020\/06\/background-text-7.png 725w, https:\/\/majestic.tours\/wp-content\/uploads\/2020\/06\/background-text-7-300x77.png 300w, https:\/\/majestic.tours\/wp-content\/uploads\/2020\/06\/background-text-7-700x181.png 700w\" sizes=\"auto, (max-width: 725px) 100vw, 725px\" \/>\t\t\t\t\t\t\t\t\t\t\t\t\t\t\t<\/div>\n\t\t\t\t<\/div>\n\t\t\t\t\t<\/div>\n\t\t<\/div>\n\t\t\t\t\t<\/div>\n\t\t<\/section>\n\t\t\t\t<section class=\"elementor-section elementor-inner-section elementor-element elementor-element-1764fa79 elementor-section-full_width qode_elementor_container_inner elementor-section-height-default elementor-section-height-default parallax_section_no\" data-id=\"1764fa79\" data-element_type=\"section\" data-e-type=\"section\">\n\t\t\t\t\t\t<div class=\"elementor-container elementor-column-gap-no\">\n\t\t\t\t\t<div class=\"elementor-column elementor-col-50 elementor-inner-column elementor-element elementor-element-53066eb3\" data-id=\"53066eb3\" data-element_type=\"column\" data-e-type=\"column\">\n\t\t\t<div class=\"elementor-widget-wrap elementor-element-populated\">\n\t\t\t\t\t\t<div class=\"elementor-element elementor-element-2381c42 elementor-widget elementor-widget-image\" data-id=\"2381c42\" data-element_type=\"widget\" data-e-type=\"widget\" data-widget_type=\"image.default\">\n\t\t\t\t<div class=\"elementor-widget-container\">\n\t\t\t\t\t\t\t\t\t\t\t\t\t\t\t<img decoding=\"async\" loading=\"lazy\" width=\"1600\" height=\"1067\" src=\"https:\/\/majestic.tours\/wp-content\/uploads\/2020\/06\/Luxor31.jpg\" class=\"attachment-full size-full wp-image-1323\" alt=\"\" srcset=\"https:\/\/majestic.tours\/wp-content\/uploads\/2020\/06\/Luxor31.jpg 1600w, https:\/\/majestic.tours\/wp-content\/uploads\/2020\/06\/Luxor31-300x200.jpg 300w, https:\/\/majestic.tours\/wp-content\/uploads\/2020\/06\/Luxor31-1024x683.jpg 1024w, https:\/\/majestic.tours\/wp-content\/uploads\/2020\/06\/Luxor31-768x512.jpg 768w, https:\/\/majestic.tours\/wp-content\/uploads\/2020\/06\/Luxor31-1536x1024.jpg 1536w, https:\/\/majestic.tours\/wp-content\/uploads\/2020\/06\/Luxor31-18x12.jpg 18w, https:\/\/majestic.tours\/wp-content\/uploads\/2020\/06\/Luxor31-700x467.jpg 700w\" sizes=\"auto, (max-width: 1600px) 100vw, 1600px\" \/>\t\t\t\t\t\t\t\t\t\t\t\t\t\t\t<\/div>\n\t\t\t\t<\/div>\n\t\t\t\t\t<\/div>\n\t\t<\/div>\n\t\t\t\t<div class=\"elementor-column elementor-col-50 elementor-inner-column elementor-element elementor-element-433a9e62\" data-id=\"433a9e62\" data-element_type=\"column\" data-e-type=\"column\">\n\t\t\t<div class=\"elementor-widget-wrap elementor-element-populated\">\n\t\t\t\t\t\t<div class=\"elementor-element elementor-element-6e3553ce elementor-widget elementor-widget-text-editor\" data-id=\"6e3553ce\" data-element_type=\"widget\" data-e-type=\"widget\" data-widget_type=\"text-editor.default\">\n\t\t\t\t<div class=\"elementor-widget-container\">\n\t\t\t\t\t\t\t\t\t<p><em><strong>\u00dcber unser Team<\/strong><\/em><\/p>\t\t\t\t\t\t\t\t<\/div>\n\t\t\t\t<\/div>\n\t\t\t\t<div class=\"elementor-element elementor-element-4d03d332 elementor-widget-divider--view-line elementor-widget elementor-widget-divider\" data-id=\"4d03d332\" data-element_type=\"widget\" data-e-type=\"widget\" data-widget_type=\"divider.default\">\n\t\t\t\t<div class=\"elementor-widget-container\">\n\t\t\t\t\t\t\t<div class=\"elementor-divider\">\n\t\t\t<span class=\"elementor-divider-separator\">\n\t\t\t\t\t\t<\/span>\n\t\t<\/div>\n\t\t\t\t\t\t<\/div>\n\t\t\t\t<\/div>\n\t\t\t\t<div class=\"elementor-element elementor-element-6eb63545 elementor-widget elementor-widget-text-editor\" data-id=\"6eb63545\" data-element_type=\"widget\" data-e-type=\"widget\" data-widget_type=\"text-editor.default\">\n\t\t\t\t<div class=\"elementor-widget-container\">\n\t\t\t\t\t\t\t\t\t<p>Unser Team besteht aus hochqualifiziertem Personal,&nbsp;<span style=\"background-color: rgb(255, 255, 255); font-weight: var( --e-global-typography-text-font-weight );\">damit wir die beste Leistung bringen, die unsere G\u00e4ste verdienen.<\/span>&nbsp;&nbsp;Unsere zertifizierten Reisef\u00fchrer sind sachkundige \u00c4gyptologen und verf\u00fcgen \u00fcber langj\u00e4hrige Erfahrung. Auf unserer Webseite k\u00f6nnen Sie nicht nur Reisepakete und Ausfl\u00fcge buchen, sondern bieten wir Ihnen ma\u00dfgeschneiderte Pakete an, damit Sie Ihre Reise selbst gestalten k\u00f6nnen.<\/p>\n<p>In Majestic Tours ist Ihre Zufriedenheit unsere oberste Priorit\u00e4t.<\/p>\t\t\t\t\t\t\t\t<\/div>\n\t\t\t\t<\/div>\n\t\t\t\t<div class=\"elementor-element elementor-element-c9dd6ff elementor-widget elementor-widget-text-editor\" data-id=\"c9dd6ff\" data-element_type=\"widget\" data-e-type=\"widget\" data-widget_type=\"text-editor.default\">\n\t\t\t\t<div class=\"elementor-widget-container\">\n\t\t\t\t\t\t\t\t\t<h6><span style=\"color: #bfbfbf; font-size: 11px; font-weight: 600;\">CEO<\/span><\/h6>\t\t\t\t\t\t\t\t<\/div>\n\t\t\t\t<\/div>\n\t\t\t\t\t<\/div>\n\t\t<\/div>\n\t\t\t\t\t<\/div>\n\t\t<\/section>\n\t\t\t\t\t<\/div>\n\t\t<\/div>\n\t\t\t\t\t<\/div>\n\t\t<\/section>\n\t\t\t\t<section class=\"elementor-section elementor-top-section elementor-element elementor-element-203b558b elementor-section-full_width elementor-section-height-default elementor-section-height-default parallax_section_no qode_elementor_container_no\" data-id=\"203b558b\" data-element_type=\"section\" data-e-type=\"section\" data-settings=\"{&quot;background_background&quot;:&quot;classic&quot;}\">\n\t\t\t\t\t\t<div class=\"elementor-container elementor-column-gap-no\">\n\t\t\t\t\t<div class=\"elementor-column elementor-col-100 elementor-top-column elementor-element elementor-element-70fa93fd\" data-id=\"70fa93fd\" data-element_type=\"column\" data-e-type=\"column\">\n\t\t\t<div class=\"elementor-widget-wrap\">\n\t\t\t\t\t\t\t<\/div>\n\t\t<\/div>\n\t\t\t\t\t<\/div>\n\t\t<\/section>\n\t\t\t\t<\/div>","protected":false},"excerpt":{"rendered":"<p>About Our Team Our Team consists of highly qualified and trained Staff,&nbsp;in order to provide the unique Service that our Guests deserve.&nbsp;&nbsp;Our Tour Representatives and Operators are available 24\/7 to support our Unique guests.&nbsp; &nbsp;All Our Tours Guides are licensed Egyptologists with longstanding Experience.&nbsp; On&#8230;<\/p>","protected":false},"author":1,"featured_media":0,"parent":0,"menu_order":0,"comment_status":"closed","ping_status":"closed","template":"full_width.php","meta":{"nf_dc_page":"","footnotes":""},"class_list":["post-334","page","type-page","status-publish","hentry"],"_links":{"self":[{"href":"https:\/\/majestic.tours\/de\/wp-json\/wp\/v2\/pages\/334","targetHints":{"allow":["GET"]}}],"collection":[{"href":"https:\/\/majestic.tours\/de\/wp-json\/wp\/v2\/pages"}],"about":[{"href":"https:\/\/majestic.tours\/de\/wp-json\/wp\/v2\/types\/page"}],"author":[{"embeddable":true,"href":"https:\/\/majestic.tours\/de\/wp-json\/wp\/v2\/users\/1"}],"replies":[{"embeddable":true,"href":"https:\/\/majestic.tours\/de\/wp-json\/wp\/v2\/comments?post=334"}],"version-history":[{"count":27,"href":"https:\/\/majestic.tours\/de\/wp-json\/wp\/v2\/pages\/334\/revisions"}],"predecessor-version":[{"id":1534,"href":"https:\/\/majestic.tours\/de\/wp-json\/wp\/v2\/pages\/334\/revisions\/1534"}],"wp:attachment":[{"href":"https:\/\/majestic.tours\/de\/wp-json\/wp\/v2\/media?parent=334"}],"curies":[{"name":"wp","href":"https:\/\/api.w.org\/{rel}","templated":true}]}}